{"id":15,"date":"2023-09-06T09:40:20","date_gmt":"2023-09-06T07:40:20","guid":{"rendered":"https:\/\/www.prieresdumonde.com\/?page_id=15"},"modified":"2023-10-04T06:34:37","modified_gmt":"2023-10-04T04:34:37","slug":"contact","status":"publish","type":"page","link":"https:\/\/www.prieresdumonde.com\/en\/contact\/","title":{"rendered":"Contact"},"content":{"rendered":"\n<div class=\"wp-block-columns alignfull is-layout-flex wp-container-core-columns-is-layout-9d6595d7 wp-block-columns-is-layout-flex\">\n<div class=\"wp-block-column is-layout-flow wp-block-column-is-layout-flow\">\n<div style=\"width: 100%\"><iframe loading=\"lazy\" width=\"100%\" height=\"400\" frameborder=\"0\" scrolling=\"no\" marginheight=\"0\" marginwidth=\"0\" src=\"https:\/\/maps.google.com\/maps?width=100%25&amp;height=400&amp;hl=fr&amp;q= Route de l'\u00e9tang 89450 V\u00e9zelay (Auberge de Jeunesse de Vezelay)&amp;t=&amp;z=14&amp;ie=UTF8&amp;iwloc=B&amp;output=embed\"><\/iframe><\/div>\n\n\n\n<p><\/p>\n<\/div>\n<\/div>\n\n\n\n<div class=\"wp-block-columns container is-layout-flex wp-container-core-columns-is-layout-9d6595d7 wp-block-columns-is-layout-flex\">\n<div class=\"wp-block-column is-vertically-aligned-center is-layout-flow wp-block-column-is-layout-flow\">\n<h2 class=\"wp-block-heading hestia-title\">Nous \u00e9crire<\/h2>\n\n\n\n<div style=\"height:40px\" aria-hidden=\"true\" class=\"wp-block-spacer\"><\/div>\n\n\n\n<div class=\"contact-wrapper\">\n\t\t\t\t\t\t\t\t\t\t\t\t\t\t\t\t\t\t\t<div class=\"content\">\n\t\t\t\n\t\t\t  <form>\n\t\t\t   <div class=\"form-group\">\n\t\t\t    <input type=\"text\" id=\"fname\" name=\"firstname\" placeholder=\"Votre pr\u00e9nom..\">\n\t\t\t<\/div>\n\t\t\t<div class=\"form-group\">\n\t\t\t    <input type=\"text\" id=\"lname\" name=\"lastname\" placeholder=\"Votre nom..\">\n\t\t\t<\/div>\n\t\t\t<div class=\"form-group\">\n\t\t\t    <textarea id=\"subject\" name=\"subject\" placeholder=\"Votre message..\" style=\"height:200px\"><\/textarea>\n\t\t\t<\/div>\n\t\t\t    <input type=\"submit\" value=\"Envoyer\">\n\t\t\t\n\t\t\t  <\/form>\n\t\t\t<\/div>\n\t\t\t<\/div>\n<\/div>\n\n\n\n<div class=\"wp-block-column is-vertically-aligned-center is-layout-flow wp-block-column-is-layout-flow\">\n<div class=\"wp-block-columns is-layout-flex wp-container-core-columns-is-layout-9d6595d7 wp-block-columns-is-layout-flex\">\n<div class=\"wp-block-column is-layout-flow wp-block-column-is-layout-flow\"><\/div>\n\n\n\n<div class=\"wp-block-column is-layout-flow wp-block-column-is-layout-flow\" style=\"flex-basis:50%\">\n<h4 class=\"wp-block-heading has-text-align-left hestia-title has-text-color\" style=\"color:#3c4858;font-size:18px\"><img decoding=\"async\" class=\"wp-image-86\" style=\"width: 25px;\" src=\"https:\/\/www.prieresdumonde.com\/wp-content\/themes\/hestia\/assets\/img\/contact1.png\" alt=\"Map icon\">  <strong>Nous trouver ?<\/strong><\/h4>\n\n\n\n<p class=\"has-text-align-left has-text-color\" style=\"color:#999999;font-size:14px\">Auberge de Jeunesse de Vezelay<\/p>\n\n\n\n<p class=\"has-text-align-left has-text-color\" style=\"color:#999999;font-size:14px\">Route de l&#8217;\u00e9tang<br>89450 V\u00e9zelay<br>France<\/p>\n\n\n\n<div style=\"height:40px\" aria-hidden=\"true\" class=\"wp-block-spacer\"><\/div>\n\n\n\n<h4 class=\"wp-block-heading has-text-align-left hestia-title has-text-color\" style=\"color:#3c4858;font-size:18px\"><img decoding=\"async\" class=\"wp-image-98\" style=\"width: 25px;\" src=\"https:\/\/www.prieresdumonde.com\/wp-content\/themes\/hestia\/assets\/img\/contact2.png\" alt=\"\">  <strong><strong>Nous \u00e9crire <\/strong><\/strong><\/h4>\n\n\n\n<p class=\"has-text-align-left has-text-color\" style=\"color:#999999;font-size:14px\">spiritpopcom@gmail.com<\/p>\n\n\n\n<div style=\"height:40px\" aria-hidden=\"true\" class=\"wp-block-spacer\"><\/div>\n\n\n\n<h4 class=\"wp-block-heading has-text-align-left hestia-title has-text-color\" style=\"color:#3c4858;font-size:18px\"><img decoding=\"async\" class=\"wp-image-105\" style=\"width: 25px;\" src=\"https:\/\/www.prieresdumonde.com\/wp-content\/themes\/hestia\/assets\/img\/contact3.png\" alt=\"\"><strong>  <strong>Information<\/strong><\/strong><\/h4>\n\n\n\n<p class=\"has-text-align-left has-text-color\" style=\"color:#999999;font-size:14px\">Festival de toutes les spiritualit\u00e9s \u00e0 Vezelay, 18-21 avril 2024<\/p>\n<\/div>\n\n\n\n<div class=\"wp-block-column is-layout-flow wp-block-column-is-layout-flow\"><\/div>\n<\/div>\n<\/div>\n<\/div>\n\n\n\n<p><\/p>\n","protected":false},"excerpt":{"rendered":"<p>Nous \u00e9crire Nous trouver ? Auberge de Jeunesse de Vezelay Route de l&#8217;\u00e9tang89450 V\u00e9zelayFrance Nous \u00e9crire spiritpopcom@gmail.com Information Festival de toutes les spiritualit\u00e9s \u00e0 Vezelay, 18-21 avril 2024<\/p>\n","protected":false},"author":1,"featured_media":7,"parent":0,"menu_order":0,"comment_status":"closed","ping_status":"closed","template":"page-templates\/template-pagebuilder-full-width.php","meta":{"_acf_changed":false,"footnotes":""},"class_list":["post-15","page","type-page","status-publish","has-post-thumbnail","hentry"],"translation":{"provider":"WPGlobus","version":"2.12.2","language":"en","enabled_languages":["fr","en"],"languages":{"fr":{"title":true,"content":true,"excerpt":false},"en":{"title":false,"content":false,"excerpt":false}}},"acf":[],"yoast_head":"<!-- This site is optimized with the Yoast SEO plugin v22.2 - https:\/\/yoast.com\/wordpress\/plugins\/seo\/ -->\n<title>Contact - World Prayer Festival<\/title>\n<meta name=\"robots\" content=\"index, follow, max-snippet:-1, max-image-preview:large, max-video-preview:-1\" \/>\n<link rel=\"canonical\" href=\"https:\/\/www.prieresdumonde.com\/contact\/\" \/>\n<meta property=\"og:locale\" content=\"en_US\" \/>\n<meta property=\"og:type\" content=\"article\" \/>\n<meta property=\"og:title\" content=\"Contact - World Prayer Festival\" \/>\n<meta property=\"og:url\" content=\"https:\/\/www.prieresdumonde.com\/contact\/\" \/>\n<meta property=\"og:site_name\" content=\"World Prayer Festival\" \/>\n<meta property=\"article:publisher\" content=\"https:\/\/www.facebook.com\/spiritpopcom\" \/>\n<meta property=\"article:modified_time\" content=\"2023-10-04T04:34:37+00:00\" \/>\n<meta property=\"og:image\" content=\"https:\/\/www.prieresdumonde.com\/wp-content\/uploads\/2023\/09\/contact.jpg\" \/>\n\t<meta property=\"og:image:width\" content=\"1024\" \/>\n\t<meta property=\"og:image:height\" content=\"683\" \/>\n\t<meta property=\"og:image:type\" content=\"image\/jpeg\" \/>\n<meta name=\"twitter:card\" content=\"summary_large_image\" \/>\n<meta name=\"twitter:label1\" content=\"Est. reading time\" \/>\n\t<meta name=\"twitter:data1\" content=\"1 minute\" \/>\n<script type=\"application\/ld+json\" class=\"yoast-schema-graph\">{\"@context\":\"https:\/\/schema.org\",\"@graph\":[{\"@type\":\"WebPage\",\"@id\":\"https:\/\/www.prieresdumonde.com\/contact\/\",\"url\":\"https:\/\/www.prieresdumonde.com\/contact\/\",\"name\":\"Contact - World Prayer Festival\",\"isPartOf\":{\"@id\":\"http:\/\/www.prieresdumonde.com\/#website\"},\"primaryImageOfPage\":{\"@id\":\"https:\/\/www.prieresdumonde.com\/contact\/#primaryimage\"},\"image\":{\"@id\":\"https:\/\/www.prieresdumonde.com\/contact\/#primaryimage\"},\"thumbnailUrl\":\"https:\/\/www.prieresdumonde.com\/wp-content\/uploads\/2023\/09\/contact.jpg\",\"datePublished\":\"2023-09-06T07:40:20+00:00\",\"dateModified\":\"2023-10-04T04:34:37+00:00\",\"breadcrumb\":{\"@id\":\"https:\/\/www.prieresdumonde.com\/contact\/#breadcrumb\"},\"inLanguage\":\"en-US\",\"potentialAction\":[{\"@type\":\"ReadAction\",\"target\":[\"https:\/\/www.prieresdumonde.com\/contact\/\"]}]},{\"@type\":\"ImageObject\",\"inLanguage\":\"en-US\",\"@id\":\"https:\/\/www.prieresdumonde.com\/contact\/#primaryimage\",\"url\":\"https:\/\/www.prieresdumonde.com\/wp-content\/uploads\/2023\/09\/contact.jpg\",\"contentUrl\":\"https:\/\/www.prieresdumonde.com\/wp-content\/uploads\/2023\/09\/contact.jpg\",\"width\":1024,\"height\":683},{\"@type\":\"BreadcrumbList\",\"@id\":\"https:\/\/www.prieresdumonde.com\/contact\/#breadcrumb\",\"itemListElement\":[{\"@type\":\"ListItem\",\"position\":1,\"name\":\"Accueil\",\"item\":\"http:\/\/www.prieresdumonde.com\/\"},{\"@type\":\"ListItem\",\"position\":2,\"name\":\"Contact\"}]},{\"@type\":\"WebSite\",\"@id\":\"http:\/\/www.prieresdumonde.com\/#website\",\"url\":\"http:\/\/www.prieresdumonde.com\/\",\"name\":\"World Prayer Festival\",\"description\":\"A space of fervor that brings together all spiritualities in song, prayer, dance, meditation, healing circles and yoga\",\"publisher\":{\"@id\":\"http:\/\/www.prieresdumonde.com\/#organization\"},\"potentialAction\":[{\"@type\":\"SearchAction\",\"target\":{\"@type\":\"EntryPoint\",\"urlTemplate\":\"http:\/\/www.prieresdumonde.com\/?s={search_term_string}\"},\"query-input\":\"required name=search_term_string\"}],\"inLanguage\":\"en-US\"},{\"@type\":\"Organization\",\"@id\":\"http:\/\/www.prieresdumonde.com\/#organization\",\"name\":\"World Prayer Festival\",\"url\":\"http:\/\/www.prieresdumonde.com\/\",\"logo\":{\"@type\":\"ImageObject\",\"inLanguage\":\"en-US\",\"@id\":\"http:\/\/www.prieresdumonde.com\/#\/schema\/logo\/image\/\",\"url\":\"https:\/\/www.prieresdumonde.com\/wp-content\/uploads\/2023\/11\/new_prieresdumonde_social_og_image_300x300.png\",\"contentUrl\":\"https:\/\/www.prieresdumonde.com\/wp-content\/uploads\/2023\/11\/new_prieresdumonde_social_og_image_300x300.png\",\"width\":300,\"height\":300,\"caption\":\"World Prayer Festival\"},\"image\":{\"@id\":\"http:\/\/www.prieresdumonde.com\/#\/schema\/logo\/image\/\"},\"sameAs\":[\"https:\/\/www.facebook.com\/spiritpopcom\",\"https:\/\/www.instagram.com\/spiritpopcom\"]}]}<\/script>\n<!-- \/ Yoast SEO plugin. -->","yoast_head_json":{"title":"Contact - World Prayer Festival","robots":{"index":"index","follow":"follow","max-snippet":"max-snippet:-1","max-image-preview":"max-image-preview:large","max-video-preview":"max-video-preview:-1"},"canonical":"https:\/\/www.prieresdumonde.com\/contact\/","og_locale":"en_US","og_type":"article","og_title":"Contact - World Prayer Festival","og_url":"https:\/\/www.prieresdumonde.com\/contact\/","og_site_name":"World Prayer Festival","article_publisher":"https:\/\/www.facebook.com\/spiritpopcom","article_modified_time":"2023-10-04T04:34:37+00:00","og_image":[{"width":1024,"height":683,"url":"https:\/\/www.prieresdumonde.com\/wp-content\/uploads\/2023\/09\/contact.jpg","type":"image\/jpeg"}],"twitter_card":"summary_large_image","twitter_misc":{"Est. reading time":"1 minute"},"schema":{"@context":"https:\/\/schema.org","@graph":[{"@type":"WebPage","@id":"https:\/\/www.prieresdumonde.com\/contact\/","url":"https:\/\/www.prieresdumonde.com\/contact\/","name":"Contact - World Prayer Festival","isPartOf":{"@id":"http:\/\/www.prieresdumonde.com\/#website"},"primaryImageOfPage":{"@id":"https:\/\/www.prieresdumonde.com\/contact\/#primaryimage"},"image":{"@id":"https:\/\/www.prieresdumonde.com\/contact\/#primaryimage"},"thumbnailUrl":"https:\/\/www.prieresdumonde.com\/wp-content\/uploads\/2023\/09\/contact.jpg","datePublished":"2023-09-06T07:40:20+00:00","dateModified":"2023-10-04T04:34:37+00:00","breadcrumb":{"@id":"https:\/\/www.prieresdumonde.com\/contact\/#breadcrumb"},"inLanguage":"en-US","potentialAction":[{"@type":"ReadAction","target":["https:\/\/www.prieresdumonde.com\/contact\/"]}]},{"@type":"ImageObject","inLanguage":"en-US","@id":"https:\/\/www.prieresdumonde.com\/contact\/#primaryimage","url":"https:\/\/www.prieresdumonde.com\/wp-content\/uploads\/2023\/09\/contact.jpg","contentUrl":"https:\/\/www.prieresdumonde.com\/wp-content\/uploads\/2023\/09\/contact.jpg","width":1024,"height":683},{"@type":"BreadcrumbList","@id":"https:\/\/www.prieresdumonde.com\/contact\/#breadcrumb","itemListElement":[{"@type":"ListItem","position":1,"name":"Accueil","item":"http:\/\/www.prieresdumonde.com\/"},{"@type":"ListItem","position":2,"name":"Contact"}]},{"@type":"WebSite","@id":"http:\/\/www.prieresdumonde.com\/#website","url":"http:\/\/www.prieresdumonde.com\/","name":"World Prayer Festival","description":"A space of fervor that brings together all spiritualities in song, prayer, dance, meditation, healing circles and yoga","publisher":{"@id":"http:\/\/www.prieresdumonde.com\/#organization"},"potentialAction":[{"@type":"SearchAction","target":{"@type":"EntryPoint","urlTemplate":"http:\/\/www.prieresdumonde.com\/?s={search_term_string}"},"query-input":"required name=search_term_string"}],"inLanguage":"en-US"},{"@type":"Organization","@id":"http:\/\/www.prieresdumonde.com\/#organization","name":"World Prayer Festival","url":"http:\/\/www.prieresdumonde.com\/","logo":{"@type":"ImageObject","inLanguage":"en-US","@id":"http:\/\/www.prieresdumonde.com\/#\/schema\/logo\/image\/","url":"https:\/\/www.prieresdumonde.com\/wp-content\/uploads\/2023\/11\/new_prieresdumonde_social_og_image_300x300.png","contentUrl":"https:\/\/www.prieresdumonde.com\/wp-content\/uploads\/2023\/11\/new_prieresdumonde_social_og_image_300x300.png","width":300,"height":300,"caption":"World Prayer Festival"},"image":{"@id":"http:\/\/www.prieresdumonde.com\/#\/schema\/logo\/image\/"},"sameAs":["https:\/\/www.facebook.com\/spiritpopcom","https:\/\/www.instagram.com\/spiritpopcom"]}]}},"jetpack_sharing_enabled":true,"_links":{"self":[{"href":"https:\/\/www.prieresdumonde.com\/en\/wp-json\/wp\/v2\/pages\/15","targetHints":{"allow":["GET"]}}],"collection":[{"href":"https:\/\/www.prieresdumonde.com\/en\/wp-json\/wp\/v2\/pages"}],"about":[{"href":"https:\/\/www.prieresdumonde.com\/en\/wp-json\/wp\/v2\/types\/page"}],"author":[{"embeddable":true,"href":"https:\/\/www.prieresdumonde.com\/en\/wp-json\/wp\/v2\/users\/1"}],"replies":[{"embeddable":true,"href":"https:\/\/www.prieresdumonde.com\/en\/wp-json\/wp\/v2\/comments?post=15"}],"version-history":[{"count":11,"href":"https:\/\/www.prieresdumonde.com\/en\/wp-json\/wp\/v2\/pages\/15\/revisions"}],"predecessor-version":[{"id":284,"href":"https:\/\/www.prieresdumonde.com\/en\/wp-json\/wp\/v2\/pages\/15\/revisions\/284"}],"wp:featuredmedia":[{"embeddable":true,"href":"https:\/\/www.prieresdumonde.com\/en\/wp-json\/wp\/v2\/media\/7"}],"wp:attachment":[{"href":"https:\/\/www.prieresdumonde.com\/en\/wp-json\/wp\/v2\/media?parent=15"}],"curies":[{"name":"wp","href":"https:\/\/api.w.org\/{rel}","templated":true}]}}